{"id":372,"date":"2013-07-03T13:38:51","date_gmt":"2013-07-03T13:38:51","guid":{"rendered":"http:\/\/wpdev.comune.re.it\/?page_id=372"},"modified":"2013-07-03T13:38:51","modified_gmt":"2013-07-03T13:38:51","slug":"modalita-di-utilizzo-dei-materiali","status":"publish","type":"page","link":"https:\/\/interlingua.comune.re.it\/?page_id=372","title":{"rendered":"Modalit\u00e0 di utilizzo dei materiali"},"content":{"rendered":"<p>Queste pagine sono state prodotte dal Comune di Reggio Emilia e dall&#8217;Universit\u00e0 di Modena e Reggio Emilia. Possono essere utilizzate liberamente per finalit\u00e0 didattiche o scientifiche senza scopi di lucro, purch\u00e9 si citi sempre la fonte con la dizione &#8216;Progetto Osservare l&#8217;interlingua. Comune di Reggio Emilia e Universit\u00e0 di Modena e Reggio Emilia&#8217;. Ogni altro uso deve essere espressamente autorizzato.<\/p>\n","protected":false},"excerpt":{"rendered":"<p>Queste pagine sono state prodotte dal Comune di Reggio Emilia e dall&#8217;Universit\u00e0 di Modena e Reggio Emilia. Possono essere utilizzate liberamente per finalit\u00e0 didattiche o scientifiche senza scopi di lucro, purch\u00e9 si citi sempre la fonte con la dizione &#8216;Progetto &hellip; <a href=\"https:\/\/interlingua.comune.re.it\/?page_id=372\">Continua a leggere<span class=\"meta-nav\">&rarr;<\/span><\/a><\/p>\n","protected":false},"author":1,"featured_media":0,"parent":0,"menu_order":5,"comment_status":"open","ping_status":"closed","template":"","meta":{"_monsterinsights_skip_tracking":false,"_monsterinsights_sitenote_active":false,"_monsterinsights_sitenote_note":"","_monsterinsights_sitenote_category":0,"footnotes":""},"categories":[],"tags":[],"class_list":["post-372","page","type-page","status-publish","hentry"],"_links":{"self":[{"href":"https:\/\/interlingua.comune.re.it\/index.php?rest_route=\/wp\/v2\/pages\/372","targetHints":{"allow":["GET"]}}],"collection":[{"href":"https:\/\/interlingua.comune.re.it\/index.php?rest_route=\/wp\/v2\/pages"}],"about":[{"href":"https:\/\/interlingua.comune.re.it\/index.php?rest_route=\/wp\/v2\/types\/page"}],"author":[{"embeddable":true,"href":"https:\/\/interlingua.comune.re.it\/index.php?rest_route=\/wp\/v2\/users\/1"}],"replies":[{"embeddable":true,"href":"https:\/\/interlingua.comune.re.it\/index.php?rest_route=%2Fwp%2Fv2%2Fcomments&post=372"}],"version-history":[{"count":0,"href":"https:\/\/interlingua.comune.re.it\/index.php?rest_route=\/wp\/v2\/pages\/372\/revisions"}],"wp:attachment":[{"href":"https:\/\/interlingua.comune.re.it\/index.php?rest_route=%2Fwp%2Fv2%2Fmedia&parent=372"}],"wp:term":[{"taxonomy":"category","embeddable":true,"href":"https:\/\/interlingua.comune.re.it\/index.php?rest_route=%2Fwp%2Fv2%2Fcategories&post=372"},{"taxonomy":"post_tag","embeddable":true,"href":"https:\/\/interlingua.comune.re.it\/index.php?rest_route=%2Fwp%2Fv2%2Ftags&post=372"}],"curies":[{"name":"wp","href":"https:\/\/api.w.org\/{rel}","templated":true}]}}