{"id":344,"date":"2013-07-03T13:21:45","date_gmt":"2013-07-03T13:21:45","guid":{"rendered":"http:\/\/wpdev.comune.re.it\/?page_id=344"},"modified":"2019-02-25T21:13:10","modified_gmt":"2019-02-25T20:13:10","slug":"progetto-osservare-linterlingua","status":"publish","type":"page","link":"https:\/\/interlingua.comune.re.it\/","title":{"rendered":"Progetto &#8220;osservare l&#8217;interlingua&#8221;"},"content":{"rendered":"<p>Il progetto Osservare l&#8217;interlingua \u00e8 una sperimentazione educativa promossa dal Comune di Reggio Emilia in collaborazione con l&#8217;Universit\u00e0 di Modena e Reggio Emilia. Ha l&#8217;obiettivo di sviluppare nuovi modelli di didattica dell&#8217;italiano che partono da un presupposto fondamentale: per insegnare bene occorre prima di tutto comprendere l&#8217;alunno che apprende, le sue strategie, i suoi processi cognitivi e di socializzazione, le sue ipotesi. Questo \u00e8 il significato di osservare. Interlingua \u00e8 un termine usato negli studi di linguistica acquisizionale e si riferisce al sistema linguistico che risulta dai tentativi di un apprendente di ricostruire la complessit\u00e0 della lingua d&#8217;arrivo, in un processo attivo di formulazione di ipotesi e ricostruzione di regole. Di solito il termine \u00e8 applicato all&#8217;acquisizione di lingue seconde, ma pu\u00f2 essere esteso anche ai contesti di apprendimento della lingua materna, o meglio, delle variet\u00e0 di lingua materna (come l&#8217;italiano standard) che per molti bambini differiscono dalle proprie variet\u00e0 native. Nelle pagine di questo sito si trovano molti dati, risultanti dall&#8217;osservazione di bambini di et\u00e0 compresa tra i 6 e i 14 anni. Si trovano inoltre i percorsi didattici che sono stati sviluppati per favorire l&#8217;acquisizione di certe competenze linguistiche e comunicative che, dall&#8217;esame dei dati, sono risultate importanti e non del tutto padroneggiate. Il sito \u00e8 diviso nelle seguenti sezioni:<br \/>\n&#8211; <b>L&#8217;interlingua<\/b>: Definire l&#8217;interlingua. Come analizzarla e valutarla.<br \/>\n&#8211; <b>Il progetto<\/b>: storia e motivazioni, gli attori coinvolti, gli autori delle pagine del sito<br \/>\n&#8211; <b>Percorsi didattici<\/b>: Principi teorici e metodologici; percorsi sperimentati nelle scuole su vari ambiti tematici (preposizioni, lessico, tempi passati, abilit\u00e0 narrative)<br \/>\n&#8211; <b>Dati raccolti<\/b>: le produzioni linguistiche dei bambini, orali e scritte.<br \/>\n&#8211; <b>Materiali e risorse utili<\/b>: per approfondire.<\/p>\n<h1>Un sillabo del progetto<\/h1>\n<p>Molti dei percorsi che si trovano su questo sito sono stati organizzati in un <strong>sillabo verticale\u00a0 organico<\/strong>, dall&#8217;inizio della scuola primaria alla fine della secondaria di primo grado. Il sillabo, con tutti i materiali allegati, \u00e8 reperibile a<a href=\"https:\/\/interlingua.comune.re.it\/?page_id=3493\"> questo link.<\/a><\/p>\n<p>(c) Queste pagine sono state prodotte dal Comune di Reggio Emilia e dall&#8217;Universit\u00e0 di Modena e Reggio Emilia. Possono essere utilizzate liberamente per finalit\u00e0 didattiche o scientifiche senza scopi di lucro, purch\u00e9 si citi sempre la fonte con la dizione &#8216;Progetto Osservare l&#8217;interlingua. Comune di Reggio Emilia e Universit\u00e0 di Modena e Reggio Emilia&#8217;. Ogni altro uso deve essere espressamente autorizzato.<\/p>\n","protected":false},"excerpt":{"rendered":"<p>Il progetto Osservare l&#8217;interlingua \u00e8 una sperimentazione educativa promossa dal Comune di Reggio Emilia in collaborazione con l&#8217;Universit\u00e0 di Modena e Reggio Emilia. Ha l&#8217;obiettivo di sviluppare nuovi modelli di didattica dell&#8217;italiano che partono da un presupposto fondamentale: per insegnare &hellip; <a href=\"https:\/\/interlingua.comune.re.it\/\">Continua a leggere<span class=\"meta-nav\">&rarr;<\/span><\/a><\/p>\n","protected":false},"author":1,"featured_media":0,"parent":0,"menu_order":2,"comment_status":"open","ping_status":"closed","template":"","meta":{"_monsterinsights_skip_tracking":false,"_monsterinsights_sitenote_active":false,"_monsterinsights_sitenote_note":"","_monsterinsights_sitenote_category":0,"footnotes":""},"categories":[],"tags":[],"class_list":["post-344","page","type-page","status-publish","hentry"],"_links":{"self":[{"href":"https:\/\/interlingua.comune.re.it\/index.php?rest_route=\/wp\/v2\/pages\/344","targetHints":{"allow":["GET"]}}],"collection":[{"href":"https:\/\/interlingua.comune.re.it\/index.php?rest_route=\/wp\/v2\/pages"}],"about":[{"href":"https:\/\/interlingua.comune.re.it\/index.php?rest_route=\/wp\/v2\/types\/page"}],"author":[{"embeddable":true,"href":"https:\/\/interlingua.comune.re.it\/index.php?rest_route=\/wp\/v2\/users\/1"}],"replies":[{"embeddable":true,"href":"https:\/\/interlingua.comune.re.it\/index.php?rest_route=%2Fwp%2Fv2%2Fcomments&post=344"}],"version-history":[{"count":3,"href":"https:\/\/interlingua.comune.re.it\/index.php?rest_route=\/wp\/v2\/pages\/344\/revisions"}],"predecessor-version":[{"id":3507,"href":"https:\/\/interlingua.comune.re.it\/index.php?rest_route=\/wp\/v2\/pages\/344\/revisions\/3507"}],"wp:attachment":[{"href":"https:\/\/interlingua.comune.re.it\/index.php?rest_route=%2Fwp%2Fv2%2Fmedia&parent=344"}],"wp:term":[{"taxonomy":"category","embeddable":true,"href":"https:\/\/interlingua.comune.re.it\/index.php?rest_route=%2Fwp%2Fv2%2Fcategories&post=344"},{"taxonomy":"post_tag","embeddable":true,"href":"https:\/\/interlingua.comune.re.it\/index.php?rest_route=%2Fwp%2Fv2%2Ftags&post=344"}],"curies":[{"name":"wp","href":"https:\/\/api.w.org\/{rel}","templated":true}]}}