{"id":3198,"date":"2015-05-14T17:42:55","date_gmt":"2015-05-14T15:42:55","guid":{"rendered":"http:\/\/interlingua.comune.re.it\/?page_id=3198"},"modified":"2015-05-14T17:54:51","modified_gmt":"2015-05-14T15:54:51","slug":"questionario-sugli-atteggiamenti-2","status":"publish","type":"page","link":"https:\/\/interlingua.comune.re.it\/?page_id=3198","title":{"rendered":"Questionario sugli atteggiamenti"},"content":{"rendered":"<style type=\"text\/css\"><!--\np { margin-bottom: 0.25cm; line-height: 120%; }a:link {  }\n--><\/style>\n<p>Presentiamo qui un questionario che ha lo scopo di rilevare gli atteggiamenti degli alunni su alcuni aspetti importanti della sperimentazione: la coesione del gruppo-classe, la motivazione ad apprendere (in generale e nell&#8217;ambito linguistico in particolare), l&#8217;ansia, il senso di auto-efficacia. La compilazione \u00e8 molto semplice e di solito non richiede pi\u00f9 di 20 minuti: gli alunni devono mettere una crocetta su una linea continua lunga esattamente 100mm, e il loro grado di adesione a quella risposta viene poi misurato in millimetri a partire dall&#8217;origine.<\/p>\n<p>Le domande sono state raggruppate per macro-temi, anche se questo non risulta visibile a chi lo compila: si pu\u00f2 consultare in proposito il file \u2018questionario-item a gruppi\u2019. All\u2019interno di ciascun gruppo, le domande pi\u00f9 affini sono state intenzionalmente collocate a una certa distanza, per evitare risposte meccaniche in cui una condiziona la seguente.<\/p>\n<p>E\u2019 per\u00f2 importante sottolineare che le risposte alle domande appartenenti ai diversi gruppi non possono essere semplicemente sommate per fornire una misura globale: per fare questo, occorrono competenze statistiche complesse sulla validazione delle scale di misurazione (chi fosse interessato ad approfondire l\u2019argomento da un punto di vista tecnico, pu\u00f2 scrivere a Gabriele Pallotti). Per finalit\u00e0 didattiche \u00e8 dunque decisamente meglio osservare, e anche discutere con i bambini e i ragazzi, le risposte alle singole domande, aggregando eventualmente quelle due o tre che si ritengono pi\u00f9 affini tra loro, consapevoli che si tratta di un\u2019attivit\u00e0 senz\u2019altro utile e stimolante sul piano metacognitivo e metarelazionale, ma che non ha pretese di misurazione scientifica.<\/p>\n<p>&nbsp;<\/p>\n<p><a href=\"https:\/\/interlingua.comune.re.it\/wp-content\/uploads\/2015\/01\/QuestionarioFinale1.pdf\">Questionario<\/a><\/p>\n<p><a href=\"https:\/\/interlingua.comune.re.it\/wp-content\/uploads\/2015\/05\/Questionario4-itemagruppi-pubblico.doc\">Questionario-item a gruppi<\/a><\/p>\n","protected":false},"excerpt":{"rendered":"<p>Presentiamo qui un questionario che ha lo scopo di rilevare gli atteggiamenti degli alunni su alcuni aspetti importanti della sperimentazione: la coesione del gruppo-classe, la motivazione ad apprendere (in generale e nell&#8217;ambito linguistico in particolare), l&#8217;ansia, il senso di auto-efficacia. &hellip; <a href=\"https:\/\/interlingua.comune.re.it\/?page_id=3198\">Continua a leggere<span class=\"meta-nav\">&rarr;<\/span><\/a><\/p>\n","protected":false},"author":6,"featured_media":0,"parent":0,"menu_order":8,"comment_status":"open","ping_status":"closed","template":"","meta":{"_monsterinsights_skip_tracking":false,"_monsterinsights_sitenote_active":false,"_monsterinsights_sitenote_note":"","_monsterinsights_sitenote_category":0,"footnotes":""},"categories":[],"tags":[],"class_list":["post-3198","page","type-page","status-publish","hentry"],"_links":{"self":[{"href":"https:\/\/interlingua.comune.re.it\/index.php?rest_route=\/wp\/v2\/pages\/3198","targetHints":{"allow":["GET"]}}],"collection":[{"href":"https:\/\/interlingua.comune.re.it\/index.php?rest_route=\/wp\/v2\/pages"}],"about":[{"href":"https:\/\/interlingua.comune.re.it\/index.php?rest_route=\/wp\/v2\/types\/page"}],"author":[{"embeddable":true,"href":"https:\/\/interlingua.comune.re.it\/index.php?rest_route=\/wp\/v2\/users\/6"}],"replies":[{"embeddable":true,"href":"https:\/\/interlingua.comune.re.it\/index.php?rest_route=%2Fwp%2Fv2%2Fcomments&post=3198"}],"version-history":[{"count":14,"href":"https:\/\/interlingua.comune.re.it\/index.php?rest_route=\/wp\/v2\/pages\/3198\/revisions"}],"predecessor-version":[{"id":3243,"href":"https:\/\/interlingua.comune.re.it\/index.php?rest_route=\/wp\/v2\/pages\/3198\/revisions\/3243"}],"wp:attachment":[{"href":"https:\/\/interlingua.comune.re.it\/index.php?rest_route=%2Fwp%2Fv2%2Fmedia&parent=3198"}],"wp:term":[{"taxonomy":"category","embeddable":true,"href":"https:\/\/interlingua.comune.re.it\/index.php?rest_route=%2Fwp%2Fv2%2Fcategories&post=3198"},{"taxonomy":"post_tag","embeddable":true,"href":"https:\/\/interlingua.comune.re.it\/index.php?rest_route=%2Fwp%2Fv2%2Ftags&post=3198"}],"curies":[{"name":"wp","href":"https:\/\/api.w.org\/{rel}","templated":true}]}}