{"id":2969,"date":"2013-07-19T10:57:08","date_gmt":"2013-07-19T08:57:08","guid":{"rendered":"http:\/\/interlingua.comune.re.it\/?page_id=2969"},"modified":"2013-07-19T10:57:08","modified_gmt":"2013-07-19T08:57:08","slug":"insegnare-a-scrivere","status":"publish","type":"page","link":"https:\/\/interlingua.comune.re.it\/?page_id=2969","title":{"rendered":"Insegnare a scrivere"},"content":{"rendered":"<p>Insegnare a scrivere a scuola significa insegnare a svolgere bene le diverse fasi del processo compositivo, facendo esercitare su ciascuna di esse, prima separatamente, e solo in un secondo momento chiedendo di metterle insieme. L&#8217;attenzione, si sa, \u00e8 selettiva e non pu\u00f2 rivolgersi simultaneamente a tutto, specialmente quando si sta apprendendo una nuova abilit\u00e0. I bambini dovranno quindi essere accompagnati a sviluppare le loro competenze su ciascuna di queste fasi (ma anche un adulto esperto, come si \u00e8 detto, non \u00e8 in grado di gestire simultaneamente i processi di invenzione, disposizione e redazione). Si daranno dunque molti esercizi che non prevedono necessariamente la stesura finale di un testo completo e rifinito, proprio per sottolineare l&#8217;importanza che hanno anche i primi momenti, ideativi, del processo di scrittura, che possono tranquillamente diventare un obiettivo a s\u00e9, e non un passaggio da sbrigare frettolosamente per arrivare al testo compiuto. Alcune attivit\u00e0 chiederanno solo di generare o raccogliere idee, altre di metterle in ordine, altre ancora di scrivere a partire da idee e scalette date, o di rivedere testi gi\u00e0 scritti per migliorarne la forma. I bambini diventeranno cos\u00ec familiari con le diverse fasi del compito di scrittura, acquisiranno un abito, un metodo di lavoro, che gli servir\u00e0 negli ordini di scuola successivi e per tutta la vita.<\/p>\n<p>Sulla didattica della scrittura \u00e8 stato scritto moltissimo e si rimanda alla bibliografia, oltre naturalmente ai vari percorsi didattici, per alcune piste di lavoro. Qui, a mo&#8217; di riassunto, riportiamo solo un &#8220;pentalogo&#8221; di consigli scritto da uno dei maggiori esperti italiani di educazione lingusitica, Adriano Colombo.<\/p>\n<ol>\n<li>Praticare una variet\u00e0 di generi testuali.<\/li>\n<li>Dare consegne particolareggiate.<\/li>\n<li>Creare occasioni frequenti di scrittura anche con testi brevi.<\/li>\n<li>Graduare le richieste.<\/li>\n<li>Usare criteri di valutazione differenziati a seconda del genere testuale; valutare analiticamente le diverse caratteristiche testuali.<\/li>\n<\/ol>\n<p>&#8220;\u00c8 facile leggere in controluce, dietro questi punti, un rovesciamento sistematico di quella che \u00e8 stata a lungo la pratica dominante (se non unica) di scrittura a scuola: il tema. Il tema comprende in modo indifferenziato generi testuali diversi (scrittura introspettiva, invenzione fantastica, esposizione, argomentazione e altro ancora); ha una consegna generica, limitata al titolo; \u00e8 una prova lunga e impegnativa, e perci\u00f2 stesso praticata poche volte in un anno; non prevede gradualit\u00e0, nel senso che la richiesta \u00e8 sostanzialmente la stessa dala terza elementare al termine della scuola secondaria; non avendo consegne definite, non ha criteri di valutazione precisi.<br \/>\nLa proposta \u00e8 dunque di fare scrivere spesso testi anche brevi, ben specificati nella consegna quanto a genere testuale, destinatari e scopo (anche simulati), lunghezza, registro linguistico; valutarli analiticamente, con riferimento alle richieste della consegna, e farli riscrivere sulla base delle correzioni e indicazioni; graduare le richieste dal pi\u00f9 semplice al pi\u00f9 complesso.&#8221;<\/p>\n<p>(A. Colombo, La scrittura saggistica: come, dove, quando. In Laboratorio di scrittura. Proposte per l\u2019istruzione secondaria superiore. Seminario regionale dell\u2019Emilia-Romagna, a cura di P. Gozzi, Bologna, Re Enzo, pp. 17-24. Ora anche su\u00a0<a href=\"http:\/\/www.adrianocolombo.it\/\">www.adrianocolombo.it<\/a>)<\/p>\n","protected":false},"excerpt":{"rendered":"<p>Insegnare a scrivere a scuola significa insegnare a svolgere bene le diverse fasi del processo compositivo, facendo esercitare su ciascuna di esse, prima separatamente, e solo in un secondo momento chiedendo di metterle insieme. L&#8217;attenzione, si sa, \u00e8 selettiva e &hellip; <a href=\"https:\/\/interlingua.comune.re.it\/?page_id=2969\">Continua a leggere<span class=\"meta-nav\">&rarr;<\/span><\/a><\/p>\n","protected":false},"author":4,"featured_media":0,"parent":385,"menu_order":10,"comment_status":"open","ping_status":"closed","template":"","meta":{"_monsterinsights_skip_tracking":false,"_monsterinsights_sitenote_active":false,"_monsterinsights_sitenote_note":"","_monsterinsights_sitenote_category":0,"footnotes":""},"categories":[],"tags":[],"class_list":["post-2969","page","type-page","status-publish","hentry"],"_links":{"self":[{"href":"https:\/\/interlingua.comune.re.it\/index.php?rest_route=\/wp\/v2\/pages\/2969","targetHints":{"allow":["GET"]}}],"collection":[{"href":"https:\/\/interlingua.comune.re.it\/index.php?rest_route=\/wp\/v2\/pages"}],"about":[{"href":"https:\/\/interlingua.comune.re.it\/index.php?rest_route=\/wp\/v2\/types\/page"}],"author":[{"embeddable":true,"href":"https:\/\/interlingua.comune.re.it\/index.php?rest_route=\/wp\/v2\/users\/4"}],"replies":[{"embeddable":true,"href":"https:\/\/interlingua.comune.re.it\/index.php?rest_route=%2Fwp%2Fv2%2Fcomments&post=2969"}],"version-history":[{"count":1,"href":"https:\/\/interlingua.comune.re.it\/index.php?rest_route=\/wp\/v2\/pages\/2969\/revisions"}],"predecessor-version":[{"id":2970,"href":"https:\/\/interlingua.comune.re.it\/index.php?rest_route=\/wp\/v2\/pages\/2969\/revisions\/2970"}],"up":[{"embeddable":true,"href":"https:\/\/interlingua.comune.re.it\/index.php?rest_route=\/wp\/v2\/pages\/385"}],"wp:attachment":[{"href":"https:\/\/interlingua.comune.re.it\/index.php?rest_route=%2Fwp%2Fv2%2Fmedia&parent=2969"}],"wp:term":[{"taxonomy":"category","embeddable":true,"href":"https:\/\/interlingua.comune.re.it\/index.php?rest_route=%2Fwp%2Fv2%2Fcategories&post=2969"},{"taxonomy":"post_tag","embeddable":true,"href":"https:\/\/interlingua.comune.re.it\/index.php?rest_route=%2Fwp%2Fv2%2Ftags&post=2969"}],"curies":[{"name":"wp","href":"https:\/\/api.w.org\/{rel}","templated":true}]}}